{"id":50012,"date":"2026-03-19T15:04:59","date_gmt":"2026-03-19T14:04:59","guid":{"rendered":"https:\/\/dev.wapainternational.org\/?page_id=50012"},"modified":"2026-03-19T18:38:44","modified_gmt":"2026-03-19T17:38:44","slug":"faq","status":"publish","type":"page","link":"https:\/\/dev.wapainternational.org\/fr\/faq\/","title":{"rendered":"FAQ"},"content":{"rendered":"<div class=\"fusion-fullwidth fullwidth-box fusion-builder-row-1 fusion-flex-container has-pattern-background has-mask-background nonhundred-percent-fullwidth non-hundred-percent-height-scrolling .fusion-faq-post\" style=\"--awb-border-radius-top-left:0px;--awb-border-radius-top-right:0px;--awb-border-radius-bottom-right:0px;--awb-border-radius-bottom-left:0px;--awb-flex-wrap:wrap;\" ><div class=\"fusion-builder-row fusion-row fusion-flex-align-items-flex-start fusion-flex-content-wrap\" style=\"max-width:1216.8px;margin-left: calc(-4% \/ 2 );margin-right: calc(-4% \/ 2 );\"><div class=\"fusion-layout-column fusion_builder_column fusion-builder-column-0 fusion_builder_column_1_1 1_1 fusion-flex-column\" style=\"--awb-bg-size:cover;--awb-width-large:100%;--awb-margin-top-large:0px;--awb-spacing-right-large:1.92%;--awb-margin-bottom-large:20px;--awb-spacing-left-large:1.92%;--awb-width-medium:100%;--awb-order-medium:0;--awb-spacing-right-medium:1.92%;--awb-spacing-left-medium:1.92%;--awb-width-small:100%;--awb-order-small:0;--awb-spacing-right-small:1.92%;--awb-spacing-left-small:1.92%;\"><div class=\"fusion-column-wrapper fusion-column-has-shadow fusion-flex-justify-content-flex-start fusion-content-layout-column\"><style type=\"text\/css\">.fusion-faqs-wrapper #accordian-1 .fusion-panel { border-color:#e0dede; }.fusion-faqs-wrapper #accordian-1 .fusion-panel:hover{ border-color: #e0dede; }.fusion-accordian #accordian-1 .panel-title a .fa-fusion-box:before{ font-size: 13px;width: 13px;}.fusion-accordian #accordian-1 .panel-title a .fa-fusion-box{ color: #ffffff;}.fusion-accordian  #accordian-1 .panel-title a{font-family:\"Janda Safe\";font-style:normal;font-weight:400;}.fusion-accordian  #accordian-1 .panel-title a:not(:hover){}.fusion-accordian  #accordian-1 .toggle-content{font-family:\"Montserrat\";font-style:normal;font-weight:400;}.fusion-accordian #accordian-1 .fa-fusion-box { background-color: #333333 !important;border-color: #333333 !important;}.fusion-accordian #accordian-1 .panel-title a:hover,.fusion-accordian #accordian-1 .panel-title a.hover { color: #fec96b;}.fusion-faq-shortcode .fusion-accordian #accordian-1 .fusion-toggle-boxed-mode:hover .panel-title a { color: #fec96b;}.fusion-accordian #accordian-1 .panel-title .active .fa-fusion-box,.fusion-accordian #accordian-1 .panel-title a:hover .fa-fusion-box,.fusion-accordian #accordian-1 .panel-title a.hover .fa-fusion-box { background-color: #fec96b!important;border-color: #fec96b!important;}<\/style><div class=\"fusion-faq-shortcode\" style=\"\"><ul role=\"menu\" class=\"fusion-filters clearfix\"><li role=\"presentation\" class=\"fusion-filter fusion-filter-all fusion-active\"><a role=\"menuitem\" data-filter=\"*\" href=\"#\">Tous<\/a><\/li><li role=\"presentation\" class=\"fusion-filter fusion-hidden\"><a role=\"menuitem\" data-filter=\".comprendre-notre-action\" href=\"#\">Comprendre notre action<\/a><\/li><\/ul><div class=\"fusion-faqs-wrapper\"><div class=\"accordian fusion-accordian\"><div class=\"panel-group \" id=\"accordian-1\"><div class=\"fusion-panel panel-default fusion-faq-post fusion-faq-post-50120 comprendre-notre-action \"><span class=\"entry-title rich-snippet-hidden\">Pourquoi la r\u00e9int\u00e9gration d\u2019un enfant d\u00e9mobilis\u00e9 est-elle si complexe ?<\/span><span class=\"vcard rich-snippet-hidden\"><span class=\"fn\"><a href=\"https:\/\/dev.wapainternational.org\/fr\/author\/hellozest-your-business-com\/\" title=\"Articles par Alicia Athanassiadis\" rel=\"author\">Alicia Athanassiadis<\/a><\/span><\/span><span class=\"updated rich-snippet-hidden\">2026-03-19T18:23:42+01:00<\/span><div class=\"panel-heading\"><h4 id=\"faq_1-50120\" class=\"panel-title toggle\"><a data-toggle=\"collapse\" class=\"collapsed\" data-parent=\"#accordian-1\" data-target=\"#collapse-1-50120\" href=\"#collapse-1-50120\" aria-expanded=\"false\"><div class=\"fusion-toggle-icon-wrapper\"><div class=\"fusion-toggle-icon-wrapper-main\"><div class=\"fusion-toggle-icon-wrapper-sub\"><i class=\"fa-fusion-box active-icon awb-icon-minus\" aria-hidden=\"true\"><\/i><i class=\"fa-fusion-box inactive-icon awb-icon-plus\" aria-hidden=\"true\"><\/i><\/div><\/div><\/div><div class=\"fusion-toggle-heading\">Pourquoi la r\u00e9int\u00e9gration d\u2019un enfant d\u00e9mobilis\u00e9 est-elle si complexe ?<\/div><\/a><\/h4><\/div><div id=\"collapse-1-50120\" aria-labelledby=\"faq_1-50120\" class=\"panel-collapse collapse\"><div class=\"panel-body toggle-content post-content\"><p>Parce que quitter un groupe arm\u00e9 ne signifie pas retrouver instantan\u00e9ment une vie normale.<br \/>\nCes enfants reviennent souvent avec des traumatismes profonds, mais aussi avec une image d\u00e9grad\u00e9e dans leur communaut\u00e9. Ils peuvent \u00eatre per\u00e7us comme dangereux, coupables ou \u201cdiff\u00e9rents\u201d.<br \/>\nLa reconstruction passe donc par un travail patient : soutien psychologique, m\u00e9diation familiale, retour \u00e0 l\u2019\u00e9cole ou formation professionnelle, mais aussi travail avec la communaut\u00e9 pour reconstruire la confiance.<\/p>\n<\/div><\/div><\/div><div class=\"fusion-panel panel-default fusion-faq-post fusion-faq-post-50118 comprendre-notre-action \"><span class=\"entry-title rich-snippet-hidden\">Pourquoi la reconstruction d\u2019un enfant passe-t-elle aussi par le corps ?<\/span><span class=\"vcard rich-snippet-hidden\"><span class=\"fn\"><a href=\"https:\/\/dev.wapainternational.org\/fr\/author\/hellozest-your-business-com\/\" title=\"Articles par Alicia Athanassiadis\" rel=\"author\">Alicia Athanassiadis<\/a><\/span><\/span><span class=\"updated rich-snippet-hidden\">2026-03-19T18:23:14+01:00<\/span><div class=\"panel-heading\"><h4 id=\"faq_1-50118\" class=\"panel-title toggle\"><a data-toggle=\"collapse\" class=\"collapsed\" data-parent=\"#accordian-1\" data-target=\"#collapse-1-50118\" href=\"#collapse-1-50118\" aria-expanded=\"false\"><div class=\"fusion-toggle-icon-wrapper\"><div class=\"fusion-toggle-icon-wrapper-main\"><div class=\"fusion-toggle-icon-wrapper-sub\"><i class=\"fa-fusion-box active-icon awb-icon-minus\" aria-hidden=\"true\"><\/i><i class=\"fa-fusion-box inactive-icon awb-icon-plus\" aria-hidden=\"true\"><\/i><\/div><\/div><\/div><div class=\"fusion-toggle-heading\">Pourquoi la reconstruction d\u2019un enfant passe-t-elle aussi par le corps ?<\/div><\/a><\/h4><\/div><div id=\"collapse-1-50118\" aria-labelledby=\"faq_1-50118\" class=\"panel-collapse collapse\"><div class=\"panel-body toggle-content post-content\"><p>Les traumatismes li\u00e9s \u00e0 la guerre ne sont pas seulement psychologiques : ils s\u2019inscrivent aussi dans le corps.<br \/>\nLe sport, les activit\u00e9s physiques ou l\u2019expression artistique permettent aux enfants de retrouver des sensations positives, de reconstruire leur estime d\u2019eux-m\u00eames et de recr\u00e9er du lien avec les autres.<br \/>\nCes approches compl\u00e8tent le soutien psychosocial et ouvrent souvent un chemin vers la gu\u00e9rison.<\/p>\n<\/div><\/div><\/div><div class=\"fusion-panel panel-default fusion-faq-post fusion-faq-post-50116 comprendre-notre-action \"><span class=\"entry-title rich-snippet-hidden\">Pourquoi WAPA accorde-t-il une place centrale \u00e0 la sant\u00e9 mentale des enfants affect\u00e9s par les conflits ?<\/span><span class=\"vcard rich-snippet-hidden\"><span class=\"fn\"><a href=\"https:\/\/dev.wapainternational.org\/fr\/author\/hellozest-your-business-com\/\" title=\"Articles par Alicia Athanassiadis\" rel=\"author\">Alicia Athanassiadis<\/a><\/span><\/span><span class=\"updated rich-snippet-hidden\">2026-03-19T18:22:42+01:00<\/span><div class=\"panel-heading\"><h4 id=\"faq_1-50116\" class=\"panel-title toggle\"><a data-toggle=\"collapse\" class=\"collapsed\" data-parent=\"#accordian-1\" data-target=\"#collapse-1-50116\" href=\"#collapse-1-50116\" aria-expanded=\"false\"><div class=\"fusion-toggle-icon-wrapper\"><div class=\"fusion-toggle-icon-wrapper-main\"><div class=\"fusion-toggle-icon-wrapper-sub\"><i class=\"fa-fusion-box active-icon awb-icon-minus\" aria-hidden=\"true\"><\/i><i class=\"fa-fusion-box inactive-icon awb-icon-plus\" aria-hidden=\"true\"><\/i><\/div><\/div><\/div><div class=\"fusion-toggle-heading\">Pourquoi WAPA accorde-t-il une place centrale \u00e0 la sant\u00e9 mentale des enfants affect\u00e9s par les conflits ?<\/div><\/a><\/h4><\/div><div id=\"collapse-1-50116\" aria-labelledby=\"faq_1-50116\" class=\"panel-collapse collapse\"><div class=\"panel-body toggle-content post-content\"><p>Les blessures laiss\u00e9es par les conflits ne sont pas seulement visibles.<br \/>\nLes enfants expos\u00e9s \u00e0 la violence, \u00e0 la perte ou \u00e0 l\u2019ins\u00e9curit\u00e9 permanente peuvent d\u00e9velopper des traumatismes profonds : anxi\u00e9t\u00e9, troubles du sommeil, difficult\u00e9s relationnelles, perte de confiance ou sentiment d\u2019abandon.<br \/>\nSans accompagnement adapt\u00e9, ces traumatismes peuvent affecter durablement leur d\u00e9veloppement, leur capacit\u00e9 \u00e0 apprendre, \u00e0 cr\u00e9er des liens et \u00e0 se projeter dans l\u2019avenir.<br \/>\nC\u2019est pourquoi le soutien psychosocial et th\u00e9rapeutique occupe une place essentielle dans les programmes de WAPA. En aidant les enfants \u00e0 retrouver un sentiment de s\u00e9curit\u00e9, \u00e0 exprimer leurs \u00e9motions et \u00e0 reconstruire leur estime d\u2019eux-m\u00eames, il devient possible d\u2019ouvrir un v\u00e9ritable chemin de reconstruction.<\/p>\n<\/div><\/div><\/div><div class=\"fusion-panel panel-default fusion-faq-post fusion-faq-post-50114 comprendre-notre-action \"><span class=\"entry-title rich-snippet-hidden\">Pourquoi certaines communaut\u00e9s rejettent-elles les enfants qui reviennent des groupes arm\u00e9s ?<\/span><span class=\"vcard rich-snippet-hidden\"><span class=\"fn\"><a href=\"https:\/\/dev.wapainternational.org\/fr\/author\/hellozest-your-business-com\/\" title=\"Articles par Alicia Athanassiadis\" rel=\"author\">Alicia Athanassiadis<\/a><\/span><\/span><span class=\"updated rich-snippet-hidden\">2026-03-19T18:22:02+01:00<\/span><div class=\"panel-heading\"><h4 id=\"faq_1-50114\" class=\"panel-title toggle\"><a data-toggle=\"collapse\" class=\"collapsed\" data-parent=\"#accordian-1\" data-target=\"#collapse-1-50114\" href=\"#collapse-1-50114\" aria-expanded=\"false\"><div class=\"fusion-toggle-icon-wrapper\"><div class=\"fusion-toggle-icon-wrapper-main\"><div class=\"fusion-toggle-icon-wrapper-sub\"><i class=\"fa-fusion-box active-icon awb-icon-minus\" aria-hidden=\"true\"><\/i><i class=\"fa-fusion-box inactive-icon awb-icon-plus\" aria-hidden=\"true\"><\/i><\/div><\/div><\/div><div class=\"fusion-toggle-heading\">Pourquoi certaines communaut\u00e9s rejettent-elles les enfants qui reviennent des groupes arm\u00e9s ?<\/div><\/a><\/h4><\/div><div id=\"collapse-1-50114\" aria-labelledby=\"faq_1-50114\" class=\"panel-collapse collapse\"><div class=\"panel-body toggle-content post-content\"><p>La peur, la douleur et la m\u00e9moire des violences peuvent rendre le retour extr\u00eamement difficile.<br \/>\nCertains enfants ont \u00e9t\u00e9 contraints de participer \u00e0 des attaques contre leur propre village. Les familles et les communaut\u00e9s peuvent alors \u00e9prouver de la m\u00e9fiance ou de la col\u00e8re.<br \/>\nC\u2019est pourquoi la r\u00e9int\u00e9gration ne concerne pas seulement l\u2019enfant : elle implique aussi un travail avec les familles et les communaut\u00e9s pour reconstruire la confiance et la coh\u00e9sion sociale.<\/p>\n<\/div><\/div><\/div><div class=\"fusion-panel panel-default fusion-faq-post fusion-faq-post-50112 comprendre-notre-action \"><span class=\"entry-title rich-snippet-hidden\">Peut-on consid\u00e9rer un enfant soldat comme une victime, m\u00eame lorsqu\u2019il a commis des violences ?<\/span><span class=\"vcard rich-snippet-hidden\"><span class=\"fn\"><a href=\"https:\/\/dev.wapainternational.org\/fr\/author\/hellozest-your-business-com\/\" title=\"Articles par Alicia Athanassiadis\" rel=\"author\">Alicia Athanassiadis<\/a><\/span><\/span><span class=\"updated rich-snippet-hidden\">2026-03-19T18:21:41+01:00<\/span><div class=\"panel-heading\"><h4 id=\"faq_1-50112\" class=\"panel-title toggle\"><a data-toggle=\"collapse\" class=\"collapsed\" data-parent=\"#accordian-1\" data-target=\"#collapse-1-50112\" href=\"#collapse-1-50112\" aria-expanded=\"false\"><div class=\"fusion-toggle-icon-wrapper\"><div class=\"fusion-toggle-icon-wrapper-main\"><div class=\"fusion-toggle-icon-wrapper-sub\"><i class=\"fa-fusion-box active-icon awb-icon-minus\" aria-hidden=\"true\"><\/i><i class=\"fa-fusion-box inactive-icon awb-icon-plus\" aria-hidden=\"true\"><\/i><\/div><\/div><\/div><div class=\"fusion-toggle-heading\">Peut-on consid\u00e9rer un enfant soldat comme une victime, m\u00eame lorsqu\u2019il a commis des violences ?<\/div><\/a><\/h4><\/div><div id=\"collapse-1-50112\" aria-labelledby=\"faq_1-50112\" class=\"panel-collapse collapse\"><div class=\"panel-body toggle-content post-content\"><p>C\u2019est l\u2019un des dilemmes les plus difficiles des conflits arm\u00e9s.<br \/>\nDes enfants recrut\u00e9s tr\u00e8s jeunes peuvent \u00eatre forc\u00e9s de commettre des actes de violence, parfois contre leur propre communaut\u00e9. Pourtant, au regard du droit international et de la protection de l\u2019enfance, ils restent avant tout les victimes d\u2019un syst\u00e8me de violence qui les a instrumentalis\u00e9s.<br \/>\nLa r\u00e9int\u00e9gration consiste justement \u00e0 les accompagner pour sortir de ce cycle et leur permettre de se reconstruire une identit\u00e9 au-del\u00e0 de ce qu\u2019ils ont v\u00e9cu.<\/p>\n<\/div><\/div><\/div><div class=\"fusion-panel panel-default fusion-faq-post fusion-faq-post-50110 comprendre-notre-action \"><span class=\"entry-title rich-snippet-hidden\">Pourquoi travailler avec des organisations locales est-il essentiel ?<\/span><span class=\"vcard rich-snippet-hidden\"><span class=\"fn\"><a href=\"https:\/\/dev.wapainternational.org\/fr\/author\/hellozest-your-business-com\/\" title=\"Articles par Alicia Athanassiadis\" rel=\"author\">Alicia Athanassiadis<\/a><\/span><\/span><span class=\"updated rich-snippet-hidden\">2026-03-19T18:21:18+01:00<\/span><div class=\"panel-heading\"><h4 id=\"faq_1-50110\" class=\"panel-title toggle\"><a data-toggle=\"collapse\" class=\"collapsed\" data-parent=\"#accordian-1\" data-target=\"#collapse-1-50110\" href=\"#collapse-1-50110\" aria-expanded=\"false\"><div class=\"fusion-toggle-icon-wrapper\"><div class=\"fusion-toggle-icon-wrapper-main\"><div class=\"fusion-toggle-icon-wrapper-sub\"><i class=\"fa-fusion-box active-icon awb-icon-minus\" aria-hidden=\"true\"><\/i><i class=\"fa-fusion-box inactive-icon awb-icon-plus\" aria-hidden=\"true\"><\/i><\/div><\/div><\/div><div class=\"fusion-toggle-heading\">Pourquoi travailler avec des organisations locales est-il essentiel ?<\/div><\/a><\/h4><\/div><div id=\"collapse-1-50110\" aria-labelledby=\"faq_1-50110\" class=\"panel-collapse collapse\"><div class=\"panel-body toggle-content post-content\"><p>Les acteurs locaux connaissent leur communaut\u00e9, leur culture, les dynamiques sociales et le contexte politique, \u00e9conomique, social et s\u00e9curitaire bien mieux que quiconque.<br \/>\nWAPA privil\u00e9gie donc une approche \u00e0 base communautaire fond\u00e9e sur le renforcement des capacit\u00e9s locales et les partenariats \u00e9quitables. Cela permet de d\u00e9velopper des solutions durables, adapt\u00e9es aux r\u00e9alit\u00e9s du terrain.<\/p>\n<\/div><\/div><\/div><div class=\"fusion-panel panel-default fusion-faq-post fusion-faq-post-50108 comprendre-notre-action \"><span class=\"entry-title rich-snippet-hidden\">Pourquoi parle-t-on encore si peu des enfants victimes de violences sexuelles ou n\u00e9s de viols de guerre ?<\/span><span class=\"vcard rich-snippet-hidden\"><span class=\"fn\"><a href=\"https:\/\/dev.wapainternational.org\/fr\/author\/hellozest-your-business-com\/\" title=\"Articles par Alicia Athanassiadis\" rel=\"author\">Alicia Athanassiadis<\/a><\/span><\/span><span class=\"updated rich-snippet-hidden\">2026-03-19T18:20:55+01:00<\/span><div class=\"panel-heading\"><h4 id=\"faq_1-50108\" class=\"panel-title toggle\"><a data-toggle=\"collapse\" class=\"collapsed\" data-parent=\"#accordian-1\" data-target=\"#collapse-1-50108\" href=\"#collapse-1-50108\" aria-expanded=\"false\"><div class=\"fusion-toggle-icon-wrapper\"><div class=\"fusion-toggle-icon-wrapper-main\"><div class=\"fusion-toggle-icon-wrapper-sub\"><i class=\"fa-fusion-box active-icon awb-icon-minus\" aria-hidden=\"true\"><\/i><i class=\"fa-fusion-box inactive-icon awb-icon-plus\" aria-hidden=\"true\"><\/i><\/div><\/div><\/div><div class=\"fusion-toggle-heading\">Pourquoi parle-t-on encore si peu des enfants victimes de violences sexuelles ou n\u00e9s de viols de guerre ?<\/div><\/a><\/h4><\/div><div id=\"collapse-1-50108\" aria-labelledby=\"faq_1-50108\" class=\"panel-collapse collapse\"><div class=\"panel-body toggle-content post-content\"><p>Parce que ce sujet reste profond\u00e9ment tabou dans de nombreuses soci\u00e9t\u00e9s.<br \/>\nLes violences sexuelles utilis\u00e9es comme arme de guerre ont des cons\u00e9quences durables : des enfants naissent de ces violences et grandissent souvent dans un contexte de stigmatisation ou de silence.<br \/>\nLes soutenir signifie non seulement accompagner les m\u00e8res et les enfants, mais aussi contribuer \u00e0 briser l\u2019invisibilit\u00e9 qui entoure cette r\u00e9alit\u00e9.<\/p>\n<\/div><\/div><\/div><div class=\"fusion-panel panel-default fusion-faq-post fusion-faq-post-50106 comprendre-notre-action \"><span class=\"entry-title rich-snippet-hidden\">Pourquoi certains enfants rejoignent-ils des forces ou des groupes arm\u00e9s alors qu\u2019ils savent les dangers ?<\/span><span class=\"vcard rich-snippet-hidden\"><span class=\"fn\"><a href=\"https:\/\/dev.wapainternational.org\/fr\/author\/hellozest-your-business-com\/\" title=\"Articles par Alicia Athanassiadis\" rel=\"author\">Alicia Athanassiadis<\/a><\/span><\/span><span class=\"updated rich-snippet-hidden\">2026-03-19T18:20:34+01:00<\/span><div class=\"panel-heading\"><h4 id=\"faq_1-50106\" class=\"panel-title toggle\"><a data-toggle=\"collapse\" class=\"collapsed\" data-parent=\"#accordian-1\" data-target=\"#collapse-1-50106\" href=\"#collapse-1-50106\" aria-expanded=\"false\"><div class=\"fusion-toggle-icon-wrapper\"><div class=\"fusion-toggle-icon-wrapper-main\"><div class=\"fusion-toggle-icon-wrapper-sub\"><i class=\"fa-fusion-box active-icon awb-icon-minus\" aria-hidden=\"true\"><\/i><i class=\"fa-fusion-box inactive-icon awb-icon-plus\" aria-hidden=\"true\"><\/i><\/div><\/div><\/div><div class=\"fusion-toggle-heading\">Pourquoi certains enfants rejoignent-ils des forces ou des groupes arm\u00e9s alors qu\u2019ils savent les dangers ?<\/div><\/a><\/h4><\/div><div id=\"collapse-1-50106\" aria-labelledby=\"faq_1-50106\" class=\"panel-collapse collapse\"><div class=\"panel-body toggle-content post-content\"><p>Dans les zones de conflit, les choix sont rarement simples.<br \/>\nCertains enfants sont recrut\u00e9s de force. Mais d\u2019autres rejoignent une force ou un groupe arm\u00e9 parce que c\u2019est, \u00e0 leurs yeux, la seule mani\u00e8re de survivre ou \u00e9chapper \u00e0 la mis\u00e8re, \u00e0 la violence familiale ou \u00e0 un avenir sans perspective : trouver de la nourriture, une protection ou un sentiment d\u2019appartenance. Certains rejoignent \u00e9galement les groupes arm\u00e9s pour des raisons communautaires, philosophiques ou religieuses ou pour venger sa famille.<br \/>\nComprendre ces r\u00e9alit\u00e9s est essentiel pour \u00e9viter les jugements simplistes et construire des programmes de pr\u00e9vention efficaces.<\/p>\n<\/div><\/div><\/div><div class=\"fusion-panel panel-default fusion-faq-post fusion-faq-post-50104 comprendre-notre-action \"><span class=\"entry-title rich-snippet-hidden\">Pourquoi pr\u00e9f\u00e8re-t-on parler d\u2019\u00ab enfants associ\u00e9s \u00e0 des forces ou groupes arm\u00e9s \u00bb plut\u00f4t que d\u2019 \u00ab enfants soldats \u00bb ?<\/span><span class=\"vcard rich-snippet-hidden\"><span class=\"fn\"><a href=\"https:\/\/dev.wapainternational.org\/fr\/author\/hellozest-your-business-com\/\" title=\"Articles par Alicia Athanassiadis\" rel=\"author\">Alicia Athanassiadis<\/a><\/span><\/span><span class=\"updated rich-snippet-hidden\">2026-03-19T18:20:12+01:00<\/span><div class=\"panel-heading\"><h4 id=\"faq_1-50104\" class=\"panel-title toggle\"><a data-toggle=\"collapse\" class=\"collapsed\" data-parent=\"#accordian-1\" data-target=\"#collapse-1-50104\" href=\"#collapse-1-50104\" aria-expanded=\"false\"><div class=\"fusion-toggle-icon-wrapper\"><div class=\"fusion-toggle-icon-wrapper-main\"><div class=\"fusion-toggle-icon-wrapper-sub\"><i class=\"fa-fusion-box active-icon awb-icon-minus\" aria-hidden=\"true\"><\/i><i class=\"fa-fusion-box inactive-icon awb-icon-plus\" aria-hidden=\"true\"><\/i><\/div><\/div><\/div><div class=\"fusion-toggle-heading\">Pourquoi pr\u00e9f\u00e8re-t-on parler d\u2019\u00ab enfants associ\u00e9s \u00e0 des forces ou groupes arm\u00e9s \u00bb plut\u00f4t que d\u2019 \u00ab enfants soldats \u00bb ?<\/div><\/a><\/h4><\/div><div id=\"collapse-1-50104\" aria-labelledby=\"faq_1-50104\" class=\"panel-collapse collapse\"><div class=\"panel-body toggle-content post-content\"><p>Parce que la r\u00e9alit\u00e9 est plus complexe que l\u2019image du combattant.<br \/>\nBeaucoup d\u2019enfants recrut\u00e9s par des forces et groupes arm\u00e9s ne portent jamais d\u2019arme. Ils peuvent \u00eatre porteurs, messagers, cuisiniers, guetteurs ou exploit\u00e9s dans d\u2019autres r\u00f4les. Les filles sont souvent utilis\u00e9es comme esclaves domestiques ou objets sexuels.<br \/>\nL\u2019expression \u00ab enfants associ\u00e9s aux forces et groupes arm\u00e9s \u00bb permet de reconna\u00eetre toutes les formes d\u2019exploitation subies par ces enfants.<br \/>\nM\u00eame s\u2019il est difficile de les d\u00e9nombrer, en 2025 on peut estimer le chiffre \u00e0 300.000 enfants. (source ONU)<\/p>\n<\/div><\/div><\/div><div class=\"fusion-panel panel-default fusion-faq-post fusion-faq-post-50101 comprendre-notre-action \"><span class=\"entry-title rich-snippet-hidden\">Pourquoi l\u2019intervention de WAPA se concentre-t-elle sur les enfants victimes des conflits ?<\/span><span class=\"vcard rich-snippet-hidden\"><span class=\"fn\"><a href=\"https:\/\/dev.wapainternational.org\/fr\/author\/hellozest-your-business-com\/\" title=\"Articles par Alicia Athanassiadis\" rel=\"author\">Alicia Athanassiadis<\/a><\/span><\/span><span class=\"updated rich-snippet-hidden\">2026-03-19T18:18:56+01:00<\/span><div class=\"panel-heading\"><h4 id=\"faq_1-50101\" class=\"panel-title toggle\"><a data-toggle=\"collapse\" class=\"collapsed\" data-parent=\"#accordian-1\" data-target=\"#collapse-1-50101\" href=\"#collapse-1-50101\" aria-expanded=\"false\"><div class=\"fusion-toggle-icon-wrapper\"><div class=\"fusion-toggle-icon-wrapper-main\"><div class=\"fusion-toggle-icon-wrapper-sub\"><i class=\"fa-fusion-box active-icon awb-icon-minus\" aria-hidden=\"true\"><\/i><i class=\"fa-fusion-box inactive-icon awb-icon-plus\" aria-hidden=\"true\"><\/i><\/div><\/div><\/div><div class=\"fusion-toggle-heading\">Pourquoi l\u2019intervention de WAPA se concentre-t-elle sur les enfants victimes des conflits ?<\/div><\/a><\/h4><\/div><div id=\"collapse-1-50101\" aria-labelledby=\"faq_1-50101\" class=\"panel-collapse collapse\"><div class=\"panel-body toggle-content post-content\"><p>Les conflits arm\u00e9s frappent toute la population, mais les enfants en subissent souvent les cons\u00e9quences les plus profondes et les plus durables.<br \/>\nPriv\u00e9s de s\u00e9curit\u00e9, d\u2019\u00e9ducation et parfois de leur famille, ils peuvent \u00eatre expos\u00e9s au recrutement par des groupes arm\u00e9s, aux violences sexuelles, au d\u00e9placement forc\u00e9 ou \u00e0 la perte totale de leurs rep\u00e8res. Ces exp\u00e9riences majoritairement traumatisantes marquent leur d\u00e9veloppement, leur identit\u00e9 et leur place dans la soci\u00e9t\u00e9.<br \/>\nAgir aupr\u00e8s des enfants, c\u2019est donc intervenir \u00e0 un moment d\u00e9cisif de leur vie. En les accompagnant dans leur reconstruction et leur avenir, il devient possible non seulement de r\u00e9parer des trajectoires bris\u00e9es, mais aussi de contribuer \u00e0 reconstruire des communaut\u00e9s fragilis\u00e9es par la guerre.<\/p>\n<\/div><\/div><\/div><\/div><\/div><\/div><\/div><\/div><\/div><\/div><\/div>\n","protected":false},"excerpt":{"rendered":"","protected":false},"author":10,"featured_media":0,"parent":0,"menu_order":0,"comment_status":"closed","ping_status":"closed","template":"100-width.php","meta":{"footnotes":""},"class_list":["post-50012","page","type-page","status-publish","hentry"],"_links":{"self":[{"href":"https:\/\/dev.wapainternational.org\/fr\/wp-json\/wp\/v2\/pages\/50012","targetHints":{"allow":["GET"]}}],"collection":[{"href":"https:\/\/dev.wapainternational.org\/fr\/wp-json\/wp\/v2\/pages"}],"about":[{"href":"https:\/\/dev.wapainternational.org\/fr\/wp-json\/wp\/v2\/types\/page"}],"author":[{"embeddable":true,"href":"https:\/\/dev.wapainternational.org\/fr\/wp-json\/wp\/v2\/users\/10"}],"replies":[{"embeddable":true,"href":"https:\/\/dev.wapainternational.org\/fr\/wp-json\/wp\/v2\/comments?post=50012"}],"version-history":[{"count":4,"href":"https:\/\/dev.wapainternational.org\/fr\/wp-json\/wp\/v2\/pages\/50012\/revisions"}],"predecessor-version":[{"id":50015,"href":"https:\/\/dev.wapainternational.org\/fr\/wp-json\/wp\/v2\/pages\/50012\/revisions\/50015"}],"wp:attachment":[{"href":"https:\/\/dev.wapainternational.org\/fr\/wp-json\/wp\/v2\/media?parent=50012"}],"curies":[{"name":"wp","href":"https:\/\/api.w.org\/{rel}","templated":true}]}}