{"id":12,"date":"2016-08-10T08:52:10","date_gmt":"2016-08-10T08:52:10","guid":{"rendered":"https:\/\/dev.wapainternational.org\/?page_id=12"},"modified":"2026-03-11T08:59:53","modified_gmt":"2026-03-11T07:59:53","slug":"agissez","status":"publish","type":"page","link":"https:\/\/dev.wapainternational.org\/fr\/agissez\/","title":{"rendered":"FAIRE UN DON"},"content":{"rendered":"<p><div id=\"ordre_permanent\" class=\"fusion-container-anchor\"><div class=\"fusion-fullwidth fullwidth-box fusion-builder-row-1 nonhundred-percent-fullwidth non-hundred-percent-height-scrolling\" style=\"--awb-border-radius-top-left:0px;--awb-border-radius-top-right:0px;--awb-border-radius-bottom-right:0px;--awb-border-radius-bottom-left:0px;--awb-background-color:#ffffff;--awb-flex-wrap:wrap;\" ><div class=\"fusion-builder-row fusion-row\"><div class=\"fusion-layout-column fusion_builder_column fusion-builder-column-0 fusion_builder_column_1_1 1_1 fusion-one-full fusion-column-first fusion-column-last\" style=\"--awb-bg-color:#ffffff;--awb-bg-color-hover:#ffffff;--awb-bg-size:cover;--awb-margin-top:40px;--awb-margin-bottom:0px;\"><div class=\"fusion-column-wrapper fusion-column-has-shadow fusion-flex-column-wrapper-legacy\"><div class=\"fusion-text fusion-text-1\"><h2 style=\"text-align: left;\">JE FAIS UN ORDRE PERMANENT<\/h2>\n<\/div><div class=\"fusion-clearfix\"><\/div><\/div><\/div><div class=\"fusion-layout-column fusion_builder_column fusion-builder-column-1 fusion_builder_column_1_2 1_2 fusion-one-half fusion-column-first\" style=\"--awb-bg-color:#ffffff;--awb-bg-color-hover:#ffffff;--awb-bg-size:cover;--awb-margin-bottom:40px;width:50%;width:calc(50% - ( ( 4% ) * 0.5 ) );margin-right: 4%;\"><div class=\"fusion-column-wrapper fusion-column-has-shadow fusion-flex-column-wrapper-legacy\"><div class=\"fusion-sep-clear\"><\/div><div class=\"fusion-separator fusion-clearfix\" style=\"float:left;margin-top:0px;margin-bottom:40px;width:100%;max-width:200px;\"><div class=\"fusion-separator-border sep-single sep-solid\" style=\"--awb-height:20px;--awb-amount:20px;--awb-sep-color:#fec96b;border-color:#fec96b;border-top-width:3px;\"><\/div><\/div><div class=\"fusion-sep-clear\"><\/div><div class=\"fusion-text fusion-text-2\"><p><strong>Pensez-y une fois, et chaque mois, faites la diff\u00e9rence.\u00a0<\/strong><strong><br \/>\n<\/strong><strong>Trois fa\u00e7ons de le faire :<br \/>\n<\/strong>1. Faites un don r\u00e9gulier <a href=\"https:\/\/donate.wapainternational.org\/b?cid=4&amp;lang=fr_FR\">online ici<\/a><br \/>\n2. Etablir un ordre permanent \u00e0 partir de votre solution d&rsquo;online banking<strong><br \/>\n<\/strong>3. T\u00e9l\u00e9charger le <a href=\"https:\/\/dev.wapainternational.org\/wp-content\/uploads\/2020\/04\/OP_WAPA_FR.pdf\" target=\"_blank\" rel=\"noopener noreferrer\">document ici<\/a>, le compl\u00e9ter et le\u00a0<strong>remettre \u00e0 votre institution bancaire<\/strong><\/p>\n<p>Il vous restera \u00e0 choisir le montant de l&rsquo;ordre permanent, ainsi que la date du premier pr\u00e9l\u00e8vement. Vous pourrez annuler ou modifier l&rsquo;ordre permanent \u00e0 n&rsquo;importe quel moment.<\/p>\n<\/div><div class=\"fusion-clearfix\"><\/div><\/div><\/div><div class=\"fusion-layout-column fusion_builder_column fusion-builder-column-2 fusion_builder_column_1_2 1_2 fusion-one-half fusion-column-last\" style=\"--awb-bg-color:#ffffff;--awb-bg-color-hover:#ffffff;--awb-bg-image:url(&#039;https:\/\/dev.wapainternational.org\/wp-content\/uploads\/2020\/04\/salon_van_het_testament_foto.png&#039;);--awb-bg-size:cover;--awb-margin-bottom:40px;width:50%;width:calc(50% - ( ( 4% ) * 0.5 ) );\"><div class=\"fusion-column-wrapper fusion-column-has-shadow fusion-flex-column-wrapper-legacy fusion-column-has-bg-image\" data-bg-url=\"https:\/\/dev.wapainternational.org\/wp-content\/uploads\/2020\/04\/salon_van_het_testament_foto.png\"><div class=\"fusion-image-element fusion-image-align-center in-legacy-container\" style=\"text-align:center;--awb-caption-title-font-family:var(--h2_typography-font-family);--awb-caption-title-font-weight:var(--h2_typography-font-weight);--awb-caption-title-font-style:var(--h2_typography-font-style);--awb-caption-title-size:var(--h2_typography-font-size);--awb-caption-title-transform:var(--h2_typography-text-transform);--awb-caption-title-line-height:var(--h2_typography-line-height);--awb-caption-title-letter-spacing:var(--h2_typography-letter-spacing);\"><div class=\"imageframe-align-center\"><span class=\" fusion-imageframe imageframe-none imageframe-1 hover-type-none\"><img decoding=\"async\" width=\"660\" height=\"440\" title=\"1\" src=\"https:\/\/dev.wapainternational.org\/wp-content\/uploads\/2021\/10\/1.png\" alt class=\"img-responsive wp-image-9830\" srcset=\"https:\/\/dev.wapainternational.org\/wp-content\/uploads\/2021\/10\/1-200x133.png 200w, https:\/\/dev.wapainternational.org\/wp-content\/uploads\/2021\/10\/1-400x267.png 400w, https:\/\/dev.wapainternational.org\/wp-content\/uploads\/2021\/10\/1-600x400.png 600w, https:\/\/dev.wapainternational.org\/wp-content\/uploads\/2021\/10\/1.png 660w\" sizes=\"(max-width: 768px) 100vw, 600px\" \/><\/span><\/div><\/div><div class=\"fusion-clearfix\"><\/div><\/div><\/div><\/div><\/div><\/div><div id=\"don\" class=\"fusion-container-anchor\"><div class=\"fusion-fullwidth fullwidth-box fusion-builder-row-2 hundred-percent-fullwidth non-hundred-percent-height-scrolling fusion-equal-height-columns\" style=\"--awb-background-position:left top;--awb-border-sizes-top:0px;--awb-border-sizes-bottom:0px;--awb-border-sizes-left:0px;--awb-border-sizes-right:0px;--awb-border-radius-top-left:0px;--awb-border-radius-top-right:0px;--awb-border-radius-bottom-right:0px;--awb-border-radius-bottom-left:0px;--awb-padding-top:0px;--awb-padding-right:0px;--awb-padding-bottom:0px;--awb-padding-left:0px;--awb-flex-wrap:wrap;\" ><div class=\"fusion-builder-row fusion-row\"><div class=\"fusion-layout-column fusion_builder_column fusion-builder-column-3 fusion_builder_column_1_2 1_2 fusion-one-half fusion-column-first fusion-column-inner-bg-wrapper\" style=\"--awb-padding-top:125px;--awb-padding-right:10%;--awb-padding-bottom:125px;--awb-padding-left:10%;--awb-inner-bg-color:#ed6967;--awb-inner-bg-color-hover:#ed6967;--awb-inner-bg-image:url(&#039;https:\/\/dev.wapainternational.org\/wp-content\/uploads\/2020\/04\/Sans-titre-5.png&#039;);--awb-inner-bg-size:cover;--awb-margin-bottom:0px;\" data-scroll-devices=\"small-visibility,medium-visibility,large-visibility\"><span class=\"fusion-column-inner-bg hover-type-none\"><a class=\"fusion-column-anchor\" href=\"https:\/\/donate.wapainternational.org\/general\" rel=\"noopener noreferrer\" target=\"_blank\"><span class=\"fusion-column-inner-bg-image\"><\/span><\/a><\/span><div class=\"fusion-column-wrapper fusion-column-has-shadow fusion-flex-column-wrapper-legacy fusion-column-has-bg-image\" data-bg-url=\"https:\/\/dev.wapainternational.org\/wp-content\/uploads\/2020\/04\/Sans-titre-5.png\"><div class=\"fusion-column-content-centered\"><div class=\"fusion-column-content\"><div class=\"fusion-text fusion-text-3\"><h2 style=\"text-align: center; color: #fff;\">JE FAIS<br \/>\nUN DON ONLINE<\/h2>\n<\/div><div class=\"fusion-fa-align-center\"><i class=\"fb-icon-element-1 fb-icon-element fontawesome-icon fa-credit-card fas circle-yes\" style=\"--awb-circlebordersize:1px;--awb-font-size:44px;--awb-width:88px;--awb-height:88px;--awb-line-height:86px;\"><\/i><\/div><\/div><\/div><div class=\"fusion-clearfix\"><\/div><\/div><\/div><div class=\"fusion-layout-column fusion_builder_column fusion-builder-column-4 fusion_builder_column_1_2 1_2 fusion-one-half fusion-column-last\" style=\"--awb-padding-top:125px;--awb-padding-right:10%;--awb-padding-bottom:125px;--awb-padding-left:10%;--awb-bg-color:#fec96b;--awb-bg-color-hover:#fec96b;--awb-bg-image:url(&#039;https:\/\/dev.wapainternational.org\/wp-content\/uploads\/2020\/04\/Sans-titre-copie-8.png&#039;);--awb-bg-size:cover;--awb-margin-bottom:0px;\"><div class=\"fusion-column-wrapper fusion-column-has-shadow fusion-flex-column-wrapper-legacy fusion-column-has-bg-image\" data-bg-url=\"https:\/\/dev.wapainternational.org\/wp-content\/uploads\/2020\/04\/Sans-titre-copie-8.png\"><div class=\"fusion-column-content-centered\"><div class=\"fusion-column-content\"><a class=\"fusion-modal-text-link\" data-toggle=\"modal\" data-target=\".fusion-modal.Virement\" href=\"#\">\n<h2 style=\"text-align: center; color: #fff;\">JE FAIS<br \/>\nUN VIREMENT BANCAIRE<\/h2>\n<\/a><div class=\"fusion-fa-align-center\"><i class=\"fb-icon-element-2 fb-icon-element fontawesome-icon fa-university fas circle-yes\" style=\"--awb-circlebordersize:1px;--awb-font-size:44px;--awb-width:88px;--awb-height:88px;--awb-line-height:86px;\"><\/i><\/div><div class=\"fusion-modal modal fade modal-1 Virement\" tabindex=\"-1\" role=\"dialog\" aria-labelledby=\"modal-heading-1\" aria-hidden=\"true\" style=\"--awb-border-color:#ff3700;--awb-background:#f6f6f6;\"><div class=\"modal-dialog modal-sm\" role=\"document\"><div class=\"modal-content fusion-modal-content\"><div class=\"modal-header\"><button class=\"close\" type=\"button\" data-dismiss=\"modal\" aria-hidden=\"true\" aria-label=\"Close\">&times;<\/button><h3 class=\"modal-title\" id=\"modal-heading-1\" data-dismiss=\"modal\" aria-hidden=\"true\">INFORMATIONS BANCAIRES<\/h3><\/div><div class=\"modal-body fusion-clearfix\">\n<p><strong>IBAN<\/strong>\u00a0: BE73363123347260<br \/>\n<strong>BIC<\/strong>\u00a0: BBRUBEBB<\/p>\n<\/div><div class=\"modal-footer\"><button class=\"fusion-button button-default button-medium button default medium\" type=\"button\" data-dismiss=\"modal\">Close<\/button><\/div><\/div><\/div><\/div><\/div><\/div><div class=\"fusion-clearfix\"><\/div><\/div><\/div><\/div><\/div><\/div><div class=\"fusion-fullwidth fullwidth-box fusion-builder-row-3 nonhundred-percent-fullwidth non-hundred-percent-height-scrolling\" style=\"--awb-border-radius-top-left:0px;--awb-border-radius-top-right:0px;--awb-border-radius-bottom-right:0px;--awb-border-radius-bottom-left:0px;--awb-margin-bottom:0px;--awb-background-color:#f5f5f5;--awb-flex-wrap:wrap;\" ><div class=\"fusion-builder-row fusion-row\"><div class=\"fusion-layout-column fusion_builder_column fusion-builder-column-5 fusion_builder_column_1_1 1_1 fusion-one-full fusion-column-first fusion-column-last\" style=\"--awb-bg-size:cover;--awb-margin-top:40px;\"><div class=\"fusion-column-wrapper fusion-column-has-shadow fusion-flex-column-wrapper-legacy\"><div class=\"fusion-text fusion-text-4\"><h2 style=\"text-align: left;\">CE QUE VOUS DEVEZ SAVOIR<\/h2>\n<\/div><div class=\"fusion-sep-clear\"><\/div><div class=\"fusion-separator fusion-clearfix\" style=\"float:left;margin-top:0px;margin-bottom:40px;width:100%;max-width:200px;\"><div class=\"fusion-separator-border sep-single sep-solid\" style=\"--awb-height:20px;--awb-amount:20px;--awb-sep-color:#fec96b;border-color:#fec96b;border-top-width:3px;\"><\/div><\/div><div class=\"fusion-sep-clear\"><\/div><div class=\"fusion-text fusion-text-5\"><\/div><ul style=\"--awb-iconcolor:#75ac9b;--awb-line-height:23.8px;--awb-icon-width:23.8px;--awb-icon-height:23.8px;--awb-icon-margin:9.8px;--awb-content-margin:33.6px;\" class=\"fusion-checklist fusion-checklist-1 fusion-checklist-default type-icons\"><li class=\"fusion-li-item\" style=\"\"><span class=\"icon-wrapper circle-no\"><i class=\"fusion-li-icon fa-check fas\" aria-hidden=\"true\"><\/i><\/span><div class=\"fusion-li-item-content\">\n<p>Votre don est pr\u00e9cieux et nous mettons un point d\u2019honneur \u00e0 travailler selon<strong> des principes de transparence et de bonne administration<\/strong>.<br \/>\nPour nous<strong> chaque euro compte. <\/strong>WAPA se r\u00e9serve le\u00a0droit d&rsquo;allouer les fonds aux projets en fonction des besoins et des urgences.<\/p>\n<\/div><\/li><li class=\"fusion-li-item\" style=\"\"><span class=\"icon-wrapper circle-no\"><i class=\"fusion-li-icon fa-check fas\" aria-hidden=\"true\"><\/i><\/span><div class=\"fusion-li-item-content\">\n<p>Notre association est une petite structure, ce qui veut dire que <strong>nous avons rencontr\u00e9 personnellement nos interlocuteurs<\/strong> et que nous entretenons avec eux des <strong>contacts r\u00e9guliers<\/strong>. Nous privil\u00e9gions les projets qui apportent une<strong> aide concr\u00e8te et durable<\/strong> dans des r\u00e9gions qui ont \u00e9t\u00e9 touch\u00e9es par des longues ann\u00e9es de conflits arm\u00e9s.<\/p>\n<\/div><\/li><li class=\"fusion-li-item\" style=\"\"><span class=\"icon-wrapper circle-no\"><i class=\"fusion-li-icon awb-icon-check\" aria-hidden=\"true\"><\/i><\/span><div class=\"fusion-li-item-content\">\n<p>WAPA est officiellement <strong>reconnue par le SPF Finances<\/strong> comme institution\u00a0qui assiste les pays en voie de d\u00e9veloppement.<br \/>\n<strong>En 2020, \u00e0 partir de 40\u20ac par an, vos dons sont d\u00e9ductibles fiscalement \u00e0 hauteur de 60% et pour les entreprises, d\u00e9ductibles \u00e0 100% de la base imposable.<\/strong><\/p>\n<\/div><\/li><li class=\"fusion-li-item\" style=\"\"><span class=\"icon-wrapper circle-no\"><i class=\"fusion-li-icon awb-icon-check\" aria-hidden=\"true\"><\/i><\/span><div class=\"fusion-li-item-content\">\n<p>Vous avez <strong>droit \u00e0 de l&rsquo;information<\/strong> ! WAPA International <strong>adh\u00e8re au Code \u00e9thique du RE-EF<\/strong>.<br \/>\nCeci implique que les <strong>donateurs, les b\u00e9n\u00e9voles et les employ\u00e9s (ou permanents)<\/strong> sont <strong>inform\u00e9s<\/strong> au moins annuellement <strong>de l&rsquo;utilisation des fonds r\u00e9colt\u00e9s<\/strong>.<\/p>\n<div class=\"fusion-image-element in-legacy-container\" style=\"--awb-caption-title-font-family:var(--h2_typography-font-family);--awb-caption-title-font-weight:var(--h2_typography-font-weight);--awb-caption-title-font-style:var(--h2_typography-font-style);--awb-caption-title-size:var(--h2_typography-font-size);--awb-caption-title-transform:var(--h2_typography-text-transform);--awb-caption-title-line-height:var(--h2_typography-line-height);--awb-caption-title-letter-spacing:var(--h2_typography-letter-spacing);\"><span class=\" fusion-imageframe imageframe-none imageframe-2 hover-type-none\"><img decoding=\"async\" width=\"124\" height=\"127\" title=\"logo-AERF\" src=\"https:\/\/dev.wapainternational.org\/wp-content\/uploads\/2025\/04\/EF_label_leden_FR_1-2.jpg\" alt class=\"img-responsive wp-image-903\"\/><\/span><\/div>\n<\/div><\/li><li class=\"fusion-li-item\" style=\"\"><span class=\"icon-wrapper circle-no\"><i class=\"fusion-li-icon awb-icon-check\" aria-hidden=\"true\"><\/i><\/span><div class=\"fusion-li-item-content\">\n<p>WAPA met tout en \u0153uvre pour allouer vos dons au projet souhait\u00e9. Toutefois, WAPA se r\u00e9serve le droit d\u2019attribuer les dons en fonction des besoins et des urgences du terrain.<\/p>\n<\/div><\/li><li class=\"fusion-li-item\" style=\"\"><span class=\"icon-wrapper circle-no\"><i class=\"fusion-li-icon awb-icon-check\" aria-hidden=\"true\"><\/i><\/span><div class=\"fusion-li-item-content\">\n<p>Dans notre section<strong> archives,<\/strong> vous trouverez l&rsquo;ensemble de <strong>nos rapports annuels<\/strong> et de <strong>nos tableaux de synth\u00e8se<\/strong>.<\/p>\n<\/div><\/li><li class=\"fusion-li-item\" style=\"\"><span class=\"icon-wrapper circle-no\"><i class=\"fusion-li-icon awb-icon-check\" aria-hidden=\"true\"><\/i><\/span><div class=\"fusion-li-item-content\">\n<p>Nos <strong>comptes contr\u00f4l\u00e9s<\/strong> sont <strong>publi\u00e9s en toute transparence sur <a href=\"https:\/\/www.donorinfo.be\/fr\/faire-un-don\/wapa-international-war-affected-peoples-association\">donorinfo.be<\/a><\/strong><\/p>\n<div class=\"fusion-image-element fusion-image-align-\u00bbnone in-legacy-container\" style=\"text-align:\u00bbnone;--awb-margin-top:;--awb-margin-right:;--awb-margin-bottom:;--awb-margin-left:;--awb-max-width:;--awb-caption-title-font-family:var(--h2_typography-font-family);--awb-caption-title-font-weight:var(--h2_typography-font-weight);--awb-caption-title-font-style:var(--h2_typography-font-style);--awb-caption-title-size:var(--h2_typography-font-size);--awb-caption-title-transform:var(--h2_typography-text-transform);--awb-caption-title-line-height:var(--h2_typography-line-height);--awb-caption-title-letter-spacing:var(--h2_typography-letter-spacing);\"><span class=\" fusion-imageframe imageframe-\u00bb imageframe-3 hover-type-\u00bbnone \u00bb\" style=\"border:\u00bb solid \u00bb;border-radius:\u00bb;\" id=\"\u00bb\"><a class=\"fusion-no-lightbox\" href=\"\u00bbhttps:\/\/www.donorinfo.be\/fr\/faire-un-don\/wapa-international-war-affected-peoples-association\" target=\"\u00bb_self\" aria-label=\"Donorinfo_fr_standard\"><img decoding=\"async\" width=\"200\" height=\"114\" alt=\"Donorinfo\" src=\"https:\/\/dev.wapainternational.org\/wp-content\/uploads\/2021\/04\/Donorinfo_fr_standard-200x114.png\" class=\"img-responsive wp-image-8224\" srcset=\"https:\/\/dev.wapainternational.org\/wp-content\/uploads\/2021\/04\/Donorinfo_fr_standard-200x114.png 200w, https:\/\/dev.wapainternational.org\/wp-content\/uploads\/2021\/04\/Donorinfo_fr_standard-400x229.png 400w, https:\/\/dev.wapainternational.org\/wp-content\/uploads\/2021\/04\/Donorinfo_fr_standard.png 413w\" sizes=\"(max-width: 768px) 100vw, 200px\" \/><\/a><\/span><\/div>\n<\/div><\/li><\/ul><div class=\"fusion-clearfix\"><\/div><\/div><\/div><\/div><\/div><div class=\"fusion-fullwidth fullwidth-box fusion-builder-row-4 fusion-parallax-none nonhundred-percent-fullwidth non-hundred-percent-height-scrolling\" style=\"--awb-border-sizes-top:0px;--awb-border-sizes-bottom:0px;--awb-border-sizes-left:0px;--awb-border-sizes-right:0px;--awb-border-radius-top-left:0px;--awb-border-radius-top-right:0px;--awb-border-radius-bottom-right:0px;--awb-border-radius-bottom-left:0px;--awb-padding-top:50px;--awb-padding-bottom:50px;--awb-margin-top:0px;--awb-margin-bottom:0px;--awb-background-image:url(&quot;https:\/\/dev.wapainternational.org\/wp-content\/uploads\/2020\/04\/Sans-titre-4.png&quot;);--awb-background-size:cover;--awb-flex-wrap:wrap;\" ><div class=\"fusion-builder-row fusion-row\"><div class=\"fusion-layout-column fusion_builder_column fusion-builder-column-6 fusion_builder_column_1_1 1_1 fusion-one-full fusion-column-first fusion-column-last fusion-column-inner-bg-wrapper\" style=\"--awb-padding-right:11%;--awb-padding-left:11%;--awb-inner-bg-blend:overlay;--awb-inner-bg-size:cover;\" data-scroll-devices=\"small-visibility,medium-visibility,large-visibility\"><span class=\"fusion-column-inner-bg hover-type-none\"><a class=\"fusion-column-anchor\" href=\"https:\/\/www.act4wapa.org\/?locale=fr\"><span class=\"fusion-column-inner-bg-image\"><\/span><\/a><\/span><div class=\"fusion-column-wrapper fusion-column-has-shadow fusion-flex-column-wrapper-legacy\"><div class=\"fusion-text fusion-text-6\"><h2 style=\"text-align: center; color: #fff;\">ACT4WAPA<\/h2>\n<\/div><div class=\"fusion-sep-clear\"><\/div><div class=\"fusion-separator\" style=\"margin-left: auto;margin-right: auto;margin-top:0px;margin-bottom:40px;width:100%;max-width:200px;\"><div class=\"fusion-separator-border sep-single sep-solid\" style=\"--awb-height:20px;--awb-amount:20px;--awb-sep-color:#ff3700;border-color:#ff37000;border-top-width:3px;\"><\/div><\/div><div class=\"fusion-sep-clear\"><\/div><div class=\"fusion-text fusion-text-7\"><p style=\"text-align: center; font-size: 24px; color: #fff; font-weight: 300;\">Gr\u00e2ce \u00e0 cette plateforme, vous pouvez lancer facilement une action de collecte de dons (parrainage d\u2019un d\u00e9fi sportif, mariages, anniversaires, bapt\u00eames, vide-dressing d\u00eeners entre amis,\u2026) en faveur des programmes de WAPA et la partager avec tous vos proches. Vous pouvez \u00e9galement rejoindre une campagne ou un \u00e9v\u00e8nement existant.<\/p>\n<\/div><div class=\"fusion-sep-clear\"><\/div><div class=\"fusion-separator fusion-full-width-sep\" style=\"margin-left: auto;margin-right: auto;margin-top:25px;width:100%;\"><\/div><div class=\"fusion-sep-clear\"><\/div><div class=\"fusion-builder-row fusion-builder-row-inner fusion-row\"><div class=\"fusion-layout-column fusion_builder_column_inner fusion-builder-nested-column-0 fusion_builder_column_inner_1_3 1_3 fusion-one-third fusion-column-first\" style=\"--awb-bg-blend:overlay;--awb-bg-size:cover;width:33.333333333333%;width:calc(33.333333333333% - ( ( 0px + 0px ) * 0.33333333333333 ) );margin-right: 0px;\"><div class=\"fusion-column-wrapper fusion-flex-column-wrapper-legacy\"><div class=\"fusion-clearfix\"><\/div><\/div><\/div><div class=\"fusion-layout-column fusion_builder_column_inner fusion-builder-nested-column-1 fusion_builder_column_inner_1_3 1_3 fusion-one-third\" style=\"--awb-bg-blend:overlay;--awb-bg-size:cover;width:33.333333333333%;width:calc(33.333333333333% - ( ( 0px + 0px ) * 0.33333333333333 ) );margin-right: 0px;\"><div class=\"fusion-column-wrapper fusion-flex-column-wrapper-legacy\"><div class=\"fusion-aligncenter\"><a class=\"fusion-button button-flat fusion-button-default-size button-custom fusion-button-default button-1 fusion-button-default-span fusion-button-default-type\" style=\"--button_accent_color:#ffffff;--button_accent_hover_color:#fec96b;--button_border_hover_color:#fec96b;--button_border_width-top:2px;--button_border_width-right:2px;--button_border_width-bottom:2px;--button_border_width-left:2px;--button_gradient_top_color:rgba(254,201,107,0);--button_gradient_bottom_color:rgba(254,201,107,0);--button_gradient_top_color_hover:rgba(0,0,0,0);--button_gradient_bottom_color_hover:rgba(0,0,0,0);\" target=\"_self\" href=\"https:\/\/act.wapainternational.org\/\"><span class=\"fusion-button-text awb-button__text awb-button__text--default\">AGISSEZ MAINTENANT<\/span><\/a><\/div><div class=\"fusion-clearfix\"><\/div><\/div><\/div><div class=\"fusion-layout-column fusion_builder_column_inner fusion-builder-nested-column-2 fusion_builder_column_inner_1_3 1_3 fusion-one-third fusion-column-last\" style=\"--awb-bg-blend:overlay;--awb-bg-size:cover;width:33.333333333333%;width:calc(33.333333333333% - ( ( 0px + 0px ) * 0.33333333333333 ) );\"><div class=\"fusion-column-wrapper fusion-flex-column-wrapper-legacy\"><div class=\"fusion-clearfix\"><\/div><\/div><\/div><\/div><div class=\"fusion-clearfix\"><\/div><\/div><\/div><\/div><\/div>\n<\/p>\n","protected":false},"excerpt":{"rendered":"","protected":false},"author":1,"featured_media":0,"parent":0,"menu_order":0,"comment_status":"closed","ping_status":"closed","template":"100-width.php","meta":{"footnotes":""},"class_list":["post-12","page","type-page","status-publish","hentry"],"_links":{"self":[{"href":"https:\/\/dev.wapainternational.org\/fr\/wp-json\/wp\/v2\/pages\/12","targetHints":{"allow":["GET"]}}],"collection":[{"href":"https:\/\/dev.wapainternational.org\/fr\/wp-json\/wp\/v2\/pages"}],"about":[{"href":"https:\/\/dev.wapainternational.org\/fr\/wp-json\/wp\/v2\/types\/page"}],"author":[{"embeddable":true,"href":"https:\/\/dev.wapainternational.org\/fr\/wp-json\/wp\/v2\/users\/1"}],"replies":[{"embeddable":true,"href":"https:\/\/dev.wapainternational.org\/fr\/wp-json\/wp\/v2\/comments?post=12"}],"version-history":[{"count":3,"href":"https:\/\/dev.wapainternational.org\/fr\/wp-json\/wp\/v2\/pages\/12\/revisions"}],"predecessor-version":[{"id":49495,"href":"https:\/\/dev.wapainternational.org\/fr\/wp-json\/wp\/v2\/pages\/12\/revisions\/49495"}],"wp:attachment":[{"href":"https:\/\/dev.wapainternational.org\/fr\/wp-json\/wp\/v2\/media?parent=12"}],"curies":[{"name":"wp","href":"https:\/\/api.w.org\/{rel}","templated":true}]}}